{"id":117,"date":"2024-11-09T10:39:38","date_gmt":"2024-11-09T10:39:38","guid":{"rendered":"http:\/\/malditodestino.com\/?page_id=117"},"modified":"2026-03-10T18:59:44","modified_gmt":"2026-03-10T18:59:44","slug":"no-disponible","status":"publish","type":"page","link":"https:\/\/malditodestino.com\/?page_id=117","title":{"rendered":"TORNEO DE PADEL &#8211; MONTGAT, TENNIS TUROMAR"},"content":{"rendered":"<p class=\"has-medium-font-size\"><strong>S\u00c1BADO 28 DE MARZO<\/strong>\ud83c\udfbe<\/p><p>Sabemos c\u00f3mo se os abren los ojos al ver este plan\u2026 y s\u00ed, ya lo ten\u00e9is aqu\u00ed \ud83d\ude0f<\/p><p>Se acerca el buen tiempo y, con \u00e9l, los mejores planes. Hemos preparado un d\u00eda completo para disfrutar del p\u00e1del, de buena comida y de un gran ambiente con amigos.<\/p><p>Un evento pensado tanto para los que vienen a competir como para los que simplemente quieren pasar un buen rato y disfrutar del d\u00eda.<\/p><p><strong>Informaci\u00f3n del evento<\/strong><\/p><p>\ud83d\udccd Lugar: Turomar (Montgat)<\/p><p>\ud83d\udcc5 Fecha: S\u00e1bado 28 de marzo<\/p><p>\ud83d\udc65 Sin l\u00edmite de edad<\/p><p>\ud83e\udd1d Parejas libres<\/p><p>Para que todo el mundo pueda disfrutar y competir en su nivel, el torneo contar\u00e1 con 3 categor\u00edas:<br>\ud83d\udd25 Nivel Pro<br>\u26a1 Nivel Intermedio<br>\ud83c\udf89 Nivel Amateur<\/p><p><strong>Opciones para participar<\/strong><\/p><p>\ud83c\udfbe <strong>Torneo de p\u00e1del + welcome pack + comida (butifarrada) + tardeo + cerveza + copa<\/strong> \u2192 <strong>40\u20ac<\/strong><\/p><p>\ud83c\udf74 <strong>Comida (butifarrada) + tardeo + cerveza + copa<\/strong> \u2192 <strong>28\u20ac<\/strong><\/p><p><strong>Premios y sorpresas<\/strong><\/p><p>\ud83c\udfc6 Despu\u00e9s de la comida realizaremos la entrega de premios para los ganadores de cada nivel.<\/p><p>Adem\u00e1s, habr\u00e1 alg\u00fan sorteo durante el d\u00eda para darle todav\u00eda m\u00e1s emoci\u00f3n al evento.<\/p><p>Los premios ser\u00e1n sorpresa \ud83d\udc40<\/p><p><strong>Inscripciones<\/strong><\/p><p>Si quieres participar en el torneo o apuntarte solo a la comida y al tardeo, puedes escribirnos por instagram para m\u00e1s informaci\u00f3n y reservar tu plaza.<\/p><p>Las plazas son limitadas.<\/p><div class=\"wp-block-buttons is-layout-flex wp-block-buttons-is-layout-flex\"><div class=\"wp-block-button\"><a class=\"wp-block-button__link wp-element-button\" href=\"https:\/\/www.instagram.com\/p\/DVrYXbmCD52\/\">RESERVAS Y INSCRIPCIONES<\/a><\/div><\/div>","protected":false},"excerpt":{"rendered":"<p>S\u00c1BADO 28 DE MARZO\ud83c\udfbe Sabemos c\u00f3mo se os abren los ojos al ver este plan\u2026 y s\u00ed, ya lo ten\u00e9is aqu\u00ed \ud83d\ude0f Se acerca el buen tiempo y, con \u00e9l, los mejores planes. Hemos preparado un d\u00eda completo para disfrutar del p\u00e1del, de buena comida y de un gran ambiente con amigos. Un evento pensado&#8230;<\/p>\n","protected":false},"author":1,"featured_media":0,"parent":0,"menu_order":0,"comment_status":"closed","ping_status":"closed","template":"","meta":{"_kad_post_transparent":"","_kad_post_title":"","_kad_post_layout":"","_kad_post_sidebar_id":"","_kad_post_content_style":"","_kad_post_vertical_padding":"","_kad_post_feature":"","_kad_post_feature_position":"","_kad_post_header":false,"_kad_post_footer":false,"footnotes":""},"class_list":["post-117","page","type-page","status-publish","hentry"],"jetpack_sharing_enabled":true,"_links":{"self":[{"href":"https:\/\/malditodestino.com\/index.php?rest_route=\/wp\/v2\/pages\/117","targetHints":{"allow":["GET"]}}],"collection":[{"href":"https:\/\/malditodestino.com\/index.php?rest_route=\/wp\/v2\/pages"}],"about":[{"href":"https:\/\/malditodestino.com\/index.php?rest_route=\/wp\/v2\/types\/page"}],"author":[{"embeddable":true,"href":"https:\/\/malditodestino.com\/index.php?rest_route=\/wp\/v2\/users\/1"}],"replies":[{"embeddable":true,"href":"https:\/\/malditodestino.com\/index.php?rest_route=%2Fwp%2Fv2%2Fcomments&post=117"}],"version-history":[{"count":18,"href":"https:\/\/malditodestino.com\/index.php?rest_route=\/wp\/v2\/pages\/117\/revisions"}],"predecessor-version":[{"id":822,"href":"https:\/\/malditodestino.com\/index.php?rest_route=\/wp\/v2\/pages\/117\/revisions\/822"}],"wp:attachment":[{"href":"https:\/\/malditodestino.com\/index.php?rest_route=%2Fwp%2Fv2%2Fmedia&parent=117"}],"curies":[{"name":"wp","href":"https:\/\/api.w.org\/{rel}","templated":true}]}}